{"id":161319,"date":"2024-06-06T21:02:13","date_gmt":"2024-06-06T21:02:13","guid":{"rendered":"https:\/\/5820eb0b16.nxcli.io\/dp\/yorktown-bv\/"},"modified":"2025-11-20T01:22:49","modified_gmt":"2025-11-20T01:22:49","slug":"yorktown-bv","status":"publish","type":"product","link":"https:\/\/5820eb0b16.nxcli.io\/es\/dp\/yorktown-bv\/","title":{"rendered":"Yorktown-BV"},"content":{"rendered":"\n\n\n\n\n\n\n\n\n\n\n\n\n\n\n\n\n\n\n\n\n\n\n\n","protected":false},"excerpt":{"rendered":"<p>La Yorktown-BV es una guitarra el\u00e9ctrica tradicional de cuerpo hueco magn\u00edficamente elaborada que ofrece un tono grande, c\u00e1lido y con el cuerpo que su apariencia implica. Con los m\u00e9todos de construcci\u00f3n del viejo mundo que contribuyen a su sonido cl\u00e1sico, la Yorktown-BV cuenta con una tapa de abeto, fondo y aros de arce y un m\u00e1stil de arce duro canadiense. Otras caracter\u00edsticas son un puente flotante con capacidad de ajuste fino, un elegante cordal de arpa, incrustaciones de bloque en el diapas\u00f3n, afinadores de estilo vintage y un juego de pastillas VTH-59 Voiced Tone, vers\u00e1tiles y de sonido dulce.  <\/p>\n","protected":false},"featured_media":47345,"comment_status":"open","ping_status":"closed","template":"","meta":{"_acf_changed":false},"accessories-type":[],"abs":[],"acoustic-category":[],"ae":[],"as":[],"asf":[],"woods":[],"afor":[],"aop":[],"amp-series":[],"ass":[],"amp-type":[],"bbw":[],"bc":[],"bass-electronics":[],"bass-fingerboard":[],"bp":[],"bs":[],"bass-special-feature":[],"bfor":[],"ebw":[2313,2116,2183,2324],"ebs":[2306,2111],"ec":[2118,2326],"enj":[2191],"epb":[2192],"epc":[2128],"egs":[2329],"electric-special-feature":[2174],"efor":[2124],"product_brand":[],"product_cat":[21],"product_tag":[],"class_list":{"0":"post-161319","1":"product","2":"type-product","3":"status-publish","4":"has-post-thumbnail","6":"ebw-cuerpo-de-arce","7":"ebw-cuerpo-madera","8":"ebw-madera-superior","9":"ebw-tapa-de-abeto","10":"ebs-bigsby-es","11":"ebs-puente-fijo","12":"ec-corte-sencillo","13":"ec-cuerpo-hueco","14":"enj-set-cuello","15":"epb-cort-es","16":"epc-2-pastillas-humbucker","17":"egs-hollow-body-es","18":"electric-special-feature-funda-incluida","19":"efor-pro-es","20":"product_cat-uncategorized","21":"entry","23":"first","24":"instock","25":"shipping-taxable","26":"product-type-simple"},"acf":[],"_links":{"self":[{"href":"https:\/\/5820eb0b16.nxcli.io\/es\/wp-json\/wp\/v2\/product\/161319","targetHints":{"allow":["GET"]}}],"collection":[{"href":"https:\/\/5820eb0b16.nxcli.io\/es\/wp-json\/wp\/v2\/product"}],"about":[{"href":"https:\/\/5820eb0b16.nxcli.io\/es\/wp-json\/wp\/v2\/types\/product"}],"replies":[{"embeddable":true,"href":"https:\/\/5820eb0b16.nxcli.io\/es\/wp-json\/wp\/v2\/comments?post=161319"}],"wp:featuredmedia":[{"embeddable":true,"href":"https:\/\/5820eb0b16.nxcli.io\/es\/wp-json\/wp\/v2\/media\/47345"}],"wp:attachment":[{"href":"https:\/\/5820eb0b16.nxcli.io\/es\/wp-json\/wp\/v2\/media?parent=161319"}],"wp:term":[{"taxonomy":"accessories-type","embeddable":true,"href":"https:\/\/5820eb0b16.nxcli.io\/es\/wp-json\/wp\/v2\/accessories-type?post=161319"},{"taxonomy":"abs","embeddable":true,"href":"https:\/\/5820eb0b16.nxcli.io\/es\/wp-json\/wp\/v2\/abs?post=161319"},{"taxonomy":"acoustic-category","embeddable":true,"href":"https:\/\/5820eb0b16.nxcli.io\/es\/wp-json\/wp\/v2\/acoustic-category?post=161319"},{"taxonomy":"ae","embeddable":true,"href":"https:\/\/5820eb0b16.nxcli.io\/es\/wp-json\/wp\/v2\/ae?post=161319"},{"taxonomy":"as","embeddable":true,"href":"https:\/\/5820eb0b16.nxcli.io\/es\/wp-json\/wp\/v2\/as?post=161319"},{"taxonomy":"asf","embeddable":true,"href":"https:\/\/5820eb0b16.nxcli.io\/es\/wp-json\/wp\/v2\/asf?post=161319"},{"taxonomy":"woods","embeddable":true,"href":"https:\/\/5820eb0b16.nxcli.io\/es\/wp-json\/wp\/v2\/woods?post=161319"},{"taxonomy":"afor","embeddable":true,"href":"https:\/\/5820eb0b16.nxcli.io\/es\/wp-json\/wp\/v2\/afor?post=161319"},{"taxonomy":"aop","embeddable":true,"href":"https:\/\/5820eb0b16.nxcli.io\/es\/wp-json\/wp\/v2\/aop?post=161319"},{"taxonomy":"amp-series","embeddable":true,"href":"https:\/\/5820eb0b16.nxcli.io\/es\/wp-json\/wp\/v2\/amp-series?post=161319"},{"taxonomy":"ass","embeddable":true,"href":"https:\/\/5820eb0b16.nxcli.io\/es\/wp-json\/wp\/v2\/ass?post=161319"},{"taxonomy":"amp-type","embeddable":true,"href":"https:\/\/5820eb0b16.nxcli.io\/es\/wp-json\/wp\/v2\/amp-type?post=161319"},{"taxonomy":"bbw","embeddable":true,"href":"https:\/\/5820eb0b16.nxcli.io\/es\/wp-json\/wp\/v2\/bbw?post=161319"},{"taxonomy":"bc","embeddable":true,"href":"https:\/\/5820eb0b16.nxcli.io\/es\/wp-json\/wp\/v2\/bc?post=161319"},{"taxonomy":"bass-electronics","embeddable":true,"href":"https:\/\/5820eb0b16.nxcli.io\/es\/wp-json\/wp\/v2\/bass-electronics?post=161319"},{"taxonomy":"bass-fingerboard","embeddable":true,"href":"https:\/\/5820eb0b16.nxcli.io\/es\/wp-json\/wp\/v2\/bass-fingerboard?post=161319"},{"taxonomy":"bp","embeddable":true,"href":"https:\/\/5820eb0b16.nxcli.io\/es\/wp-json\/wp\/v2\/bp?post=161319"},{"taxonomy":"bs","embeddable":true,"href":"https:\/\/5820eb0b16.nxcli.io\/es\/wp-json\/wp\/v2\/bs?post=161319"},{"taxonomy":"bass-special-feature","embeddable":true,"href":"https:\/\/5820eb0b16.nxcli.io\/es\/wp-json\/wp\/v2\/bass-special-feature?post=161319"},{"taxonomy":"bfor","embeddable":true,"href":"https:\/\/5820eb0b16.nxcli.io\/es\/wp-json\/wp\/v2\/bfor?post=161319"},{"taxonomy":"ebw","embeddable":true,"href":"https:\/\/5820eb0b16.nxcli.io\/es\/wp-json\/wp\/v2\/ebw?post=161319"},{"taxonomy":"ebs","embeddable":true,"href":"https:\/\/5820eb0b16.nxcli.io\/es\/wp-json\/wp\/v2\/ebs?post=161319"},{"taxonomy":"ec","embeddable":true,"href":"https:\/\/5820eb0b16.nxcli.io\/es\/wp-json\/wp\/v2\/ec?post=161319"},{"taxonomy":"enj","embeddable":true,"href":"https:\/\/5820eb0b16.nxcli.io\/es\/wp-json\/wp\/v2\/enj?post=161319"},{"taxonomy":"epb","embeddable":true,"href":"https:\/\/5820eb0b16.nxcli.io\/es\/wp-json\/wp\/v2\/epb?post=161319"},{"taxonomy":"epc","embeddable":true,"href":"https:\/\/5820eb0b16.nxcli.io\/es\/wp-json\/wp\/v2\/epc?post=161319"},{"taxonomy":"egs","embeddable":true,"href":"https:\/\/5820eb0b16.nxcli.io\/es\/wp-json\/wp\/v2\/egs?post=161319"},{"taxonomy":"electric-special-feature","embeddable":true,"href":"https:\/\/5820eb0b16.nxcli.io\/es\/wp-json\/wp\/v2\/electric-special-feature?post=161319"},{"taxonomy":"efor","embeddable":true,"href":"https:\/\/5820eb0b16.nxcli.io\/es\/wp-json\/wp\/v2\/efor?post=161319"},{"taxonomy":"product_brand","embeddable":true,"href":"https:\/\/5820eb0b16.nxcli.io\/es\/wp-json\/wp\/v2\/product_brand?post=161319"},{"taxonomy":"product_cat","embeddable":true,"href":"https:\/\/5820eb0b16.nxcli.io\/es\/wp-json\/wp\/v2\/product_cat?post=161319"},{"taxonomy":"product_tag","embeddable":true,"href":"https:\/\/5820eb0b16.nxcli.io\/es\/wp-json\/wp\/v2\/product_tag?post=161319"}],"curies":[{"name":"wp","href":"https:\/\/api.w.org\/{rel}","templated":true}]}}