{"id":160989,"date":"2025-06-17T02:05:42","date_gmt":"2025-06-17T02:05:42","guid":{"rendered":"https:\/\/5820eb0b16.nxcli.io\/dp\/mbm-2h-sustainiac\/"},"modified":"2026-01-22T05:51:25","modified_gmt":"2026-01-22T05:51:25","slug":"mbm-2h-sustainiac","status":"publish","type":"product","link":"https:\/\/5820eb0b16.nxcli.io\/es\/dp\/mbm-2h-sustainiac\/","title":{"rendered":"MBM-2H Sustainiac"},"content":{"rendered":"\n\n\n\n\n\n\n\n\n\n\n\n\n\n\n\n\n\n\n\n\n\n\n\n\n\n\n\n\n\n\n\n\n\n\n\n\n\n","protected":false},"excerpt":{"rendered":"<p>Equipada con una pastilla Sustainiac\u00ae en el m\u00e1stil y una humbucker Manson\u00ae en el puente, la MBM-2H Sustainiac ofrece un sustain infinito, efectos expresivos y un tono rock atrevido. Dise\u00f1ado con Matthew Bellamy y Manson Guitar Works, est\u00e1 construido para los jugadores que empujan los l\u00edmites s\u00f3nicos. <\/p>\n","protected":false},"featured_media":122781,"comment_status":"open","ping_status":"closed","template":"","meta":{"_acf_changed":false},"accessories-type":[],"abs":[],"acoustic-category":[],"ae":[],"as":[],"asf":[],"woods":[],"afor":[],"aop":[],"amp-series":[],"ass":[],"amp-type":[],"bbw":[],"bc":[],"bass-electronics":[],"bass-fingerboard":[],"bp":[],"bs":[],"bass-special-feature":[],"bfor":[],"ebw":[2113,2116],"ebs":[2111],"ec":[2118,2122],"enj":[2126],"epb":[2127],"epc":[2128],"egs":[2125],"electric-special-feature":[],"efor":[2124],"product_brand":[],"product_cat":[21],"product_tag":[],"class_list":{"0":"post-160989","1":"product","2":"type-product","3":"status-publish","4":"has-post-thumbnail","6":"ebw-cuerpo-de-tilo","7":"ebw-cuerpo-madera","8":"ebs-puente-fijo","9":"ec-corte-sencillo","10":"ec-novedades","11":"enj-atornillable","12":"epb-manson-es","13":"epc-2-pastillas-humbucker","14":"egs-meta-es","15":"efor-pro-es","16":"product_cat-uncategorized","17":"entry","19":"first","20":"instock","21":"shipping-taxable","22":"product-type-simple"},"acf":[],"_links":{"self":[{"href":"https:\/\/5820eb0b16.nxcli.io\/es\/wp-json\/wp\/v2\/product\/160989","targetHints":{"allow":["GET"]}}],"collection":[{"href":"https:\/\/5820eb0b16.nxcli.io\/es\/wp-json\/wp\/v2\/product"}],"about":[{"href":"https:\/\/5820eb0b16.nxcli.io\/es\/wp-json\/wp\/v2\/types\/product"}],"replies":[{"embeddable":true,"href":"https:\/\/5820eb0b16.nxcli.io\/es\/wp-json\/wp\/v2\/comments?post=160989"}],"wp:featuredmedia":[{"embeddable":true,"href":"https:\/\/5820eb0b16.nxcli.io\/es\/wp-json\/wp\/v2\/media\/122781"}],"wp:attachment":[{"href":"https:\/\/5820eb0b16.nxcli.io\/es\/wp-json\/wp\/v2\/media?parent=160989"}],"wp:term":[{"taxonomy":"accessories-type","embeddable":true,"href":"https:\/\/5820eb0b16.nxcli.io\/es\/wp-json\/wp\/v2\/accessories-type?post=160989"},{"taxonomy":"abs","embeddable":true,"href":"https:\/\/5820eb0b16.nxcli.io\/es\/wp-json\/wp\/v2\/abs?post=160989"},{"taxonomy":"acoustic-category","embeddable":true,"href":"https:\/\/5820eb0b16.nxcli.io\/es\/wp-json\/wp\/v2\/acoustic-category?post=160989"},{"taxonomy":"ae","embeddable":true,"href":"https:\/\/5820eb0b16.nxcli.io\/es\/wp-json\/wp\/v2\/ae?post=160989"},{"taxonomy":"as","embeddable":true,"href":"https:\/\/5820eb0b16.nxcli.io\/es\/wp-json\/wp\/v2\/as?post=160989"},{"taxonomy":"asf","embeddable":true,"href":"https:\/\/5820eb0b16.nxcli.io\/es\/wp-json\/wp\/v2\/asf?post=160989"},{"taxonomy":"woods","embeddable":true,"href":"https:\/\/5820eb0b16.nxcli.io\/es\/wp-json\/wp\/v2\/woods?post=160989"},{"taxonomy":"afor","embeddable":true,"href":"https:\/\/5820eb0b16.nxcli.io\/es\/wp-json\/wp\/v2\/afor?post=160989"},{"taxonomy":"aop","embeddable":true,"href":"https:\/\/5820eb0b16.nxcli.io\/es\/wp-json\/wp\/v2\/aop?post=160989"},{"taxonomy":"amp-series","embeddable":true,"href":"https:\/\/5820eb0b16.nxcli.io\/es\/wp-json\/wp\/v2\/amp-series?post=160989"},{"taxonomy":"ass","embeddable":true,"href":"https:\/\/5820eb0b16.nxcli.io\/es\/wp-json\/wp\/v2\/ass?post=160989"},{"taxonomy":"amp-type","embeddable":true,"href":"https:\/\/5820eb0b16.nxcli.io\/es\/wp-json\/wp\/v2\/amp-type?post=160989"},{"taxonomy":"bbw","embeddable":true,"href":"https:\/\/5820eb0b16.nxcli.io\/es\/wp-json\/wp\/v2\/bbw?post=160989"},{"taxonomy":"bc","embeddable":true,"href":"https:\/\/5820eb0b16.nxcli.io\/es\/wp-json\/wp\/v2\/bc?post=160989"},{"taxonomy":"bass-electronics","embeddable":true,"href":"https:\/\/5820eb0b16.nxcli.io\/es\/wp-json\/wp\/v2\/bass-electronics?post=160989"},{"taxonomy":"bass-fingerboard","embeddable":true,"href":"https:\/\/5820eb0b16.nxcli.io\/es\/wp-json\/wp\/v2\/bass-fingerboard?post=160989"},{"taxonomy":"bp","embeddable":true,"href":"https:\/\/5820eb0b16.nxcli.io\/es\/wp-json\/wp\/v2\/bp?post=160989"},{"taxonomy":"bs","embeddable":true,"href":"https:\/\/5820eb0b16.nxcli.io\/es\/wp-json\/wp\/v2\/bs?post=160989"},{"taxonomy":"bass-special-feature","embeddable":true,"href":"https:\/\/5820eb0b16.nxcli.io\/es\/wp-json\/wp\/v2\/bass-special-feature?post=160989"},{"taxonomy":"bfor","embeddable":true,"href":"https:\/\/5820eb0b16.nxcli.io\/es\/wp-json\/wp\/v2\/bfor?post=160989"},{"taxonomy":"ebw","embeddable":true,"href":"https:\/\/5820eb0b16.nxcli.io\/es\/wp-json\/wp\/v2\/ebw?post=160989"},{"taxonomy":"ebs","embeddable":true,"href":"https:\/\/5820eb0b16.nxcli.io\/es\/wp-json\/wp\/v2\/ebs?post=160989"},{"taxonomy":"ec","embeddable":true,"href":"https:\/\/5820eb0b16.nxcli.io\/es\/wp-json\/wp\/v2\/ec?post=160989"},{"taxonomy":"enj","embeddable":true,"href":"https:\/\/5820eb0b16.nxcli.io\/es\/wp-json\/wp\/v2\/enj?post=160989"},{"taxonomy":"epb","embeddable":true,"href":"https:\/\/5820eb0b16.nxcli.io\/es\/wp-json\/wp\/v2\/epb?post=160989"},{"taxonomy":"epc","embeddable":true,"href":"https:\/\/5820eb0b16.nxcli.io\/es\/wp-json\/wp\/v2\/epc?post=160989"},{"taxonomy":"egs","embeddable":true,"href":"https:\/\/5820eb0b16.nxcli.io\/es\/wp-json\/wp\/v2\/egs?post=160989"},{"taxonomy":"electric-special-feature","embeddable":true,"href":"https:\/\/5820eb0b16.nxcli.io\/es\/wp-json\/wp\/v2\/electric-special-feature?post=160989"},{"taxonomy":"efor","embeddable":true,"href":"https:\/\/5820eb0b16.nxcli.io\/es\/wp-json\/wp\/v2\/efor?post=160989"},{"taxonomy":"product_brand","embeddable":true,"href":"https:\/\/5820eb0b16.nxcli.io\/es\/wp-json\/wp\/v2\/product_brand?post=160989"},{"taxonomy":"product_cat","embeddable":true,"href":"https:\/\/5820eb0b16.nxcli.io\/es\/wp-json\/wp\/v2\/product_cat?post=160989"},{"taxonomy":"product_tag","embeddable":true,"href":"https:\/\/5820eb0b16.nxcli.io\/es\/wp-json\/wp\/v2\/product_tag?post=160989"}],"curies":[{"name":"wp","href":"https:\/\/api.w.org\/{rel}","templated":true}]}}