{"id":160988,"date":"2025-04-14T22:58:09","date_gmt":"2025-04-14T22:58:09","guid":{"rendered":"https:\/\/5820eb0b16.nxcli.io\/dp\/l60m\/"},"modified":"2026-01-22T06:45:47","modified_gmt":"2026-01-22T06:45:47","slug":"l60m","status":"publish","type":"product","link":"https:\/\/5820eb0b16.nxcli.io\/es\/dp\/l60m\/","title":{"rendered":"L60M"},"content":{"rendered":"\n\n\n\n\n\n\n\n\n\n\n\n\n\n\n\n\n\n\n\n\n\n\n\n\n\n\n\n\n\n\n\n","protected":false},"excerpt":{"rendered":"<p>El cuerpo m\u00e1s peque\u00f1o de la Orchestra proporciona a la guitarra ac\u00fastica L60M una voz articulada y una facilidad de ejecuci\u00f3n ideal tanto para los que rasguean como para los que tocan con los dedos.<\/p>\n","protected":false},"featured_media":114573,"comment_status":"open","ping_status":"closed","template":"","meta":{"_acf_changed":false},"accessories-type":[],"abs":[2164,2166,2204],"acoustic-category":[2112],"ae":[2167],"as":[2120],"asf":[],"woods":[2106,2108,2107,2168,2105],"afor":[2115],"aop":[],"amp-series":[],"ass":[],"amp-type":[],"bbw":[],"bc":[],"bass-electronics":[],"bass-fingerboard":[],"bp":[],"bs":[],"bass-special-feature":[],"bfor":[],"ebw":[],"ebs":[],"ec":[],"enj":[],"epb":[],"epc":[],"egs":[],"electric-special-feature":[],"efor":[],"product_brand":[],"product_cat":[21],"product_tag":[],"class_list":{"0":"post-160988","1":"product","2":"type-product","3":"status-publish","4":"has-post-thumbnail","6":"abs-om-es","7":"abs-sin-cortes","8":"abs-todos-los-no-recortados","9":"acoustic-category-novedades","10":"ae-sin-electronica","11":"as-luce-es","12":"woods-cuerpo-de-caoba","13":"woods-cuerpo-madera","14":"woods-madera-superior","15":"woods-tapa-de-caoba","16":"woods-tapa-maciza","17":"afor-principiante","18":"product_cat-uncategorized","19":"entry","21":"first","22":"instock","23":"shipping-taxable","24":"product-type-simple"},"acf":[],"_links":{"self":[{"href":"https:\/\/5820eb0b16.nxcli.io\/es\/wp-json\/wp\/v2\/product\/160988","targetHints":{"allow":["GET"]}}],"collection":[{"href":"https:\/\/5820eb0b16.nxcli.io\/es\/wp-json\/wp\/v2\/product"}],"about":[{"href":"https:\/\/5820eb0b16.nxcli.io\/es\/wp-json\/wp\/v2\/types\/product"}],"replies":[{"embeddable":true,"href":"https:\/\/5820eb0b16.nxcli.io\/es\/wp-json\/wp\/v2\/comments?post=160988"}],"wp:featuredmedia":[{"embeddable":true,"href":"https:\/\/5820eb0b16.nxcli.io\/es\/wp-json\/wp\/v2\/media\/114573"}],"wp:attachment":[{"href":"https:\/\/5820eb0b16.nxcli.io\/es\/wp-json\/wp\/v2\/media?parent=160988"}],"wp:term":[{"taxonomy":"accessories-type","embeddable":true,"href":"https:\/\/5820eb0b16.nxcli.io\/es\/wp-json\/wp\/v2\/accessories-type?post=160988"},{"taxonomy":"abs","embeddable":true,"href":"https:\/\/5820eb0b16.nxcli.io\/es\/wp-json\/wp\/v2\/abs?post=160988"},{"taxonomy":"acoustic-category","embeddable":true,"href":"https:\/\/5820eb0b16.nxcli.io\/es\/wp-json\/wp\/v2\/acoustic-category?post=160988"},{"taxonomy":"ae","embeddable":true,"href":"https:\/\/5820eb0b16.nxcli.io\/es\/wp-json\/wp\/v2\/ae?post=160988"},{"taxonomy":"as","embeddable":true,"href":"https:\/\/5820eb0b16.nxcli.io\/es\/wp-json\/wp\/v2\/as?post=160988"},{"taxonomy":"asf","embeddable":true,"href":"https:\/\/5820eb0b16.nxcli.io\/es\/wp-json\/wp\/v2\/asf?post=160988"},{"taxonomy":"woods","embeddable":true,"href":"https:\/\/5820eb0b16.nxcli.io\/es\/wp-json\/wp\/v2\/woods?post=160988"},{"taxonomy":"afor","embeddable":true,"href":"https:\/\/5820eb0b16.nxcli.io\/es\/wp-json\/wp\/v2\/afor?post=160988"},{"taxonomy":"aop","embeddable":true,"href":"https:\/\/5820eb0b16.nxcli.io\/es\/wp-json\/wp\/v2\/aop?post=160988"},{"taxonomy":"amp-series","embeddable":true,"href":"https:\/\/5820eb0b16.nxcli.io\/es\/wp-json\/wp\/v2\/amp-series?post=160988"},{"taxonomy":"ass","embeddable":true,"href":"https:\/\/5820eb0b16.nxcli.io\/es\/wp-json\/wp\/v2\/ass?post=160988"},{"taxonomy":"amp-type","embeddable":true,"href":"https:\/\/5820eb0b16.nxcli.io\/es\/wp-json\/wp\/v2\/amp-type?post=160988"},{"taxonomy":"bbw","embeddable":true,"href":"https:\/\/5820eb0b16.nxcli.io\/es\/wp-json\/wp\/v2\/bbw?post=160988"},{"taxonomy":"bc","embeddable":true,"href":"https:\/\/5820eb0b16.nxcli.io\/es\/wp-json\/wp\/v2\/bc?post=160988"},{"taxonomy":"bass-electronics","embeddable":true,"href":"https:\/\/5820eb0b16.nxcli.io\/es\/wp-json\/wp\/v2\/bass-electronics?post=160988"},{"taxonomy":"bass-fingerboard","embeddable":true,"href":"https:\/\/5820eb0b16.nxcli.io\/es\/wp-json\/wp\/v2\/bass-fingerboard?post=160988"},{"taxonomy":"bp","embeddable":true,"href":"https:\/\/5820eb0b16.nxcli.io\/es\/wp-json\/wp\/v2\/bp?post=160988"},{"taxonomy":"bs","embeddable":true,"href":"https:\/\/5820eb0b16.nxcli.io\/es\/wp-json\/wp\/v2\/bs?post=160988"},{"taxonomy":"bass-special-feature","embeddable":true,"href":"https:\/\/5820eb0b16.nxcli.io\/es\/wp-json\/wp\/v2\/bass-special-feature?post=160988"},{"taxonomy":"bfor","embeddable":true,"href":"https:\/\/5820eb0b16.nxcli.io\/es\/wp-json\/wp\/v2\/bfor?post=160988"},{"taxonomy":"ebw","embeddable":true,"href":"https:\/\/5820eb0b16.nxcli.io\/es\/wp-json\/wp\/v2\/ebw?post=160988"},{"taxonomy":"ebs","embeddable":true,"href":"https:\/\/5820eb0b16.nxcli.io\/es\/wp-json\/wp\/v2\/ebs?post=160988"},{"taxonomy":"ec","embeddable":true,"href":"https:\/\/5820eb0b16.nxcli.io\/es\/wp-json\/wp\/v2\/ec?post=160988"},{"taxonomy":"enj","embeddable":true,"href":"https:\/\/5820eb0b16.nxcli.io\/es\/wp-json\/wp\/v2\/enj?post=160988"},{"taxonomy":"epb","embeddable":true,"href":"https:\/\/5820eb0b16.nxcli.io\/es\/wp-json\/wp\/v2\/epb?post=160988"},{"taxonomy":"epc","embeddable":true,"href":"https:\/\/5820eb0b16.nxcli.io\/es\/wp-json\/wp\/v2\/epc?post=160988"},{"taxonomy":"egs","embeddable":true,"href":"https:\/\/5820eb0b16.nxcli.io\/es\/wp-json\/wp\/v2\/egs?post=160988"},{"taxonomy":"electric-special-feature","embeddable":true,"href":"https:\/\/5820eb0b16.nxcli.io\/es\/wp-json\/wp\/v2\/electric-special-feature?post=160988"},{"taxonomy":"efor","embeddable":true,"href":"https:\/\/5820eb0b16.nxcli.io\/es\/wp-json\/wp\/v2\/efor?post=160988"},{"taxonomy":"product_brand","embeddable":true,"href":"https:\/\/5820eb0b16.nxcli.io\/es\/wp-json\/wp\/v2\/product_brand?post=160988"},{"taxonomy":"product_cat","embeddable":true,"href":"https:\/\/5820eb0b16.nxcli.io\/es\/wp-json\/wp\/v2\/product_cat?post=160988"},{"taxonomy":"product_tag","embeddable":true,"href":"https:\/\/5820eb0b16.nxcli.io\/es\/wp-json\/wp\/v2\/product_tag?post=160988"}],"curies":[{"name":"wp","href":"https:\/\/api.w.org\/{rel}","templated":true}]}}